{"id":315,"date":"2015-12-04T02:05:02","date_gmt":"2015-12-04T01:05:02","guid":{"rendered":"http:\/\/wp.nootheme.com\/organici\/dummy\/?post_type=product&#038;p=315"},"modified":"2026-03-30T10:32:58","modified_gmt":"2026-03-30T08:32:58","slug":"caquis","status":"publish","type":"product","link":"https:\/\/sunfruitsvalencia.com\/de\/produkt\/caquis\/","title":{"rendered":"Kakis ( Sharonfrucht ) 10 kg Kiste"},"content":{"rendered":"<div id=\"titulo-articulo\">\n<h1>CAQUI<\/h1>\n<\/div>\n<h2>Propiedades<\/h2>\n<div class=\"field field-name-body field-type-text-with-summary field-label-hidden\">\n<div class=\"field-items\">\n<div class=\"field-item even\">\n<div class=\"intro-fruta\">\n<p>El caqui, tambi\u00e9n conocido como palo santo, es una fruta tropical que pertenece a la familia de las Eban\u00e1ceas. Existen distintas especies de consumo, de tama\u00f1o y sabor diferenciados, entre las que destacan; el caqui de China (D. Kaki), el de Jap\u00f3n (D. Lotus) y el americano (D. Virginiana). El m\u00e1s cultivado es el de China, con un peso que oscila entre los 80 y los 250 gramos en funci\u00f3n de la variedad,\u00a0<a href=\"https:\/\/www.consumer.es\/web\/es\/alimentacion\/aprender_a_comer_bien\/curiosidades\/2013\/04\/24\/216505.php\">de color rojo o anaranjado o amarillo<\/a>, seg\u00fan su contenido en carotenos, y de pulpa anaranjada, dulce y jugosa, con un ligero regusto \u00e1spero, seg\u00fan su contenido de taninos.<\/p>\n<\/div>\n<h3>Propiedades nutritivas<\/h3>\n<p>Su composici\u00f3n es distinta en funci\u00f3n de la variedad que se trate, pero todos ellos tienen en com\u00fan su elevado contenido de agua. Aporta una cantidad importante de hidratos de carbono (fructosa, glucosa) y escasa de grasas y prote\u00ednas, por lo que\u00a0<a href=\"https:\/\/www.consumer.es\/web\/es\/alimentacion\/aprender_a_comer_bien\/alimentos_a_debate\/2014\/02\/05\/219291.php\">su valor cal\u00f3rico es bastante elevado respecto a otras frutas<\/a>. En cuanto a su aporte de fibra, contiene pectina, de tipo soluble, en cantidad moderada. Respecto de su contenido de vitaminas y minerales, destaca la provitamina A o beta-caroteno, que le confiere al fruto su color caracter\u00edstico, la vitamina C y el potasio. El beta caroteno se transforma en vitamina A en nuestro organismo conforme \u00e9ste lo necesita. La vitamina A es esencial para la visi\u00f3n, el buen estado de la piel, el cabello, las mucosas, los huesos y para el buen funcionamiento del sistema inmunol\u00f3gico. La vitamina C interviene en la formaci\u00f3n de col\u00e1geno, huesos y dientes, gl\u00f3bulos rojos y favorece la absorci\u00f3n del hierro de los alimentos y la resistencia a las infecciones. Ambas vitaminas, cumplen adem\u00e1s una funci\u00f3n antioxidante. El potasio, es un mineral necesario para la transmisi\u00f3n y generaci\u00f3n del impulso nervioso y para la actividad muscular normal, interviene en el equilibrio de agua dentro y fuera de la c\u00e9lula. En menor proporci\u00f3n se encuentran ciertas vitaminas del grupo B (B1, B2, y B3) y los minerales, calcio, f\u00f3sforo, hierro y sodio.<\/p>\n<table>\n<tbody>\n<tr>\n<th>Composici\u00f3n por 100 gramos de porci\u00f3n comestible<\/th>\n<th><\/th>\n<\/tr>\n<tr>\n<td>Calor\u00edas<\/td>\n<td>65,6<\/td>\n<\/tr>\n<tr>\n<td>Hidratos de carbono (g)<\/td>\n<td>16<\/td>\n<\/tr>\n<tr>\n<td>Fibra (g)<\/td>\n<td>1,6<\/td>\n<\/tr>\n<tr>\n<td>Potasio (mg)<\/td>\n<td>190<\/td>\n<\/tr>\n<tr>\n<td>Magnesio (mg)<\/td>\n<td>9,5<\/td>\n<\/tr>\n<tr>\n<td>Provitamina A (mcg)<\/td>\n<td>158,3<\/td>\n<\/tr>\n<tr>\n<td>Vitamina C (mg)<\/td>\n<td>16<\/td>\n<\/tr>\n<tr>\n<td>\u00c1cido f\u00f3lico (mcg)<\/td>\n<td>7<\/td>\n<\/tr>\n<tr>\n<td colspan=\"2\">mcg = microgramos<\/td>\n<\/tr>\n<\/tbody>\n<\/table>\n<h3>Propiedades para la salud<\/h3>\n<p>El caqui es una fruta muy dulce y de f\u00e1cil consumo. Una vez maduro, se abre con facilidad y la pulpa se puede comer con cuchara o cuchillo, seg\u00fan la variedad que se trate, lo que los hace especialmente atractivos para los m\u00e1s peque\u00f1os. Y por el mismo motivo, teniendo en cuenta adem\u00e1s sus propiedades nutritivas, tambi\u00e9n son muy recomendables para los j\u00f3venes, los adultos, los deportistas, las mujeres embarazadas o madres lactantes y las personas mayores.<\/p>\n<p>Por su aporte de provitamina A,\u00a0<a href=\"https:\/\/www.uv.es\/uvweb\/universidad\/es\/listado-noticias\/-investigadores-quimica-analitica-universitat-demuestran-beneficios-aporta-caqui-dieta-1285846070123\/Noticia.html?id=1285920856487\">se recomienda su consumo a toda la poblaci\u00f3n<\/a>, y en especial, a quienes tienen un mayor riesgo de sufrir carencias de dicha vitamina: personas que deben llevar a cabo una dieta baja en grasa y por tanto con un contenido escaso de vitamina A o para quienes tienen unas necesidades nutritivas aumentadas. Algunas de estas situaciones son: periodos de crecimiento, embarazo y lactancia materna. As\u00ed mismo, el tabaco, el abuso del alcohol, el empleo de ciertos medicamentos, el estr\u00e9s, la actividad f\u00edsica intensa, el c\u00e1ncer y el Sida, y las enfermedades inflamatorias cr\u00f3nicas. Las vitaminas A y C, como antioxidantes, contribuyen a reducir el riesgo de enfermedades cardiovasculares, degenerativas y de c\u00e1ncer. Su riqueza en pectina los hace recomendables para tratar el estre\u00f1imiento, eso s\u00ed, en su punto de saz\u00f3n. Adem\u00e1s, por su\u00a0<a href=\"https:\/\/www.consumer.es\/web\/es\/alimentacion\/aprender_a_comer_bien\/complementos_dieteticos\/2005\/04\/20\/141353.php\">riqueza en potasio<\/a>\u00a0y bajo aporte de sodio, resultan muy recomendables para aquellas personas que sufren de hipertensi\u00f3n arterial o afecciones cardiovasculares. Su contenido de potasio, deber\u00e1n tenerlo en cuenta las personas que padecen de insuficiencia renal y que requieren de dietas especiales controladas en este mineral.<\/p>\n<\/div>\n<\/div>\n<\/div>\n<p>&nbsp;<\/p>","protected":false},"excerpt":{"rendered":"<p>Gesund und vitaminreich<\/p>","protected":false},"featured_media":1954,"template":"","meta":[],"product_cat":[62],"product_tag":[],"class_list":{"0":"post-315","1":"product","2":"type-product","3":"status-publish","4":"has-post-thumbnail","6":"product_cat-fruta-tradicional","7":"has-featured","9":"first","10":"outofstock","11":"taxable","12":"shipping-taxable","13":"purchasable","14":"product-type-simple"},"_links":{"self":[{"href":"https:\/\/sunfruitsvalencia.com\/de\/wp-json\/wp\/v2\/product\/315","targetHints":{"allow":["GET"]}}],"collection":[{"href":"https:\/\/sunfruitsvalencia.com\/de\/wp-json\/wp\/v2\/product"}],"about":[{"href":"https:\/\/sunfruitsvalencia.com\/de\/wp-json\/wp\/v2\/types\/product"}],"wp:featuredmedia":[{"embeddable":true,"href":"https:\/\/sunfruitsvalencia.com\/de\/wp-json\/wp\/v2\/media\/1954"}],"wp:attachment":[{"href":"https:\/\/sunfruitsvalencia.com\/de\/wp-json\/wp\/v2\/media?parent=315"}],"wp:term":[{"taxonomy":"product_cat","embeddable":true,"href":"https:\/\/sunfruitsvalencia.com\/de\/wp-json\/wp\/v2\/product_cat?post=315"},{"taxonomy":"product_tag","embeddable":true,"href":"https:\/\/sunfruitsvalencia.com\/de\/wp-json\/wp\/v2\/product_tag?post=315"}],"curies":[{"name":"wp","href":"https:\/\/api.w.org\/{rel}","templated":true}]}}