{"id":811,"date":"2015-12-14T07:39:54","date_gmt":"2015-12-14T07:39:54","guid":{"rendered":"http:\/\/wp.nootheme.com\/organici\/dummy\/?page_id=811"},"modified":"2019-10-30T17:08:26","modified_gmt":"2019-10-30T16:08:26","slug":"contacto","status":"publish","type":"page","link":"https:\/\/sunfruitsvalencia.com\/de\/contacto\/","title":{"rendered":"Kontakt"},"content":{"rendered":"<div class=\"noo-container-fluid\"><div class=\"vc_row wpb_row vc_row-fluid vc_custom_1450079391710\"><div class=\"noo-container\"><div class=\"noo-row\"><div class=\"noo_image_left wpb_column vc_column_container vc_col-sm-6\"><div class=\"vc_column-inner\"><div class=\"wpb_wrapper\">                <div class=\"noo-image-signature\">\n                    <div class=\"img-background-color\" style=\"background-color: #42c891\"><\/div>\n                                        <div class=\"img-background-sign\" style=\"background-image: url(https:\/\/sunfruitsvalencia.com\/wp-content\/uploads\/2019\/09\/foto-contactojpg.jpg);\"><\/div>\n                    \n                    <div class=\"pull-left img-sign\">\n                                            <\/div>\n                    <div class=\"pull-left\">\n                        <h6><\/h6>\n                        <span><\/span>\n                    <\/div>\n                <\/div>\n            <\/div><\/div><\/div><div class=\"wpb_column vc_column_container vc_col-sm-6\"><div class=\"vc_column-inner\"><div class=\"wpb_wrapper\">\n<div class=\"wpcf7 no-js\" id=\"wpcf7-f8-o1\" lang=\"es-ES\" dir=\"ltr\" data-wpcf7-id=\"8\">\n<div class=\"screen-reader-response\"><p role=\"status\" aria-live=\"polite\" aria-atomic=\"true\"><\/p> <ul><\/ul><\/div>\n<form action=\"\/wp-json\/wp\/v2\/pages\/811\" method=\"post\" class=\"wpcf7-form init\" aria-label=\"Formulario de contacto\" novalidate=\"novalidate\" data-status=\"init\" data-trp-original-action=\"\/de\/wp-json\/wp\/v2\/pages\/811#wpcf7-f8-o1\">\n<div style=\"display: none;\">\n<input type=\"hidden\" name=\"_wpcf7\" value=\"8\" \/>\n<input type=\"hidden\" name=\"_wpcf7_version\" value=\"6.0.1\" \/>\n<input type=\"hidden\" name=\"_wpcf7_locale\" value=\"es_ES\" \/>\n<input type=\"hidden\" name=\"_wpcf7_unit_tag\" value=\"wpcf7-f8-o1\" \/>\n<input type=\"hidden\" name=\"_wpcf7_container_post\" value=\"0\" \/>\n<input type=\"hidden\" name=\"_wpcf7_posted_data_hash\" value=\"\" \/>\n<input type=\"hidden\" name=\"_wpcf7_recaptcha_response\" value=\"\" \/>\n<\/div>\n<p><label> Ihr Name (Pflichtfeld)<br \/>\n<span class=\"wpcf7-form-control-wrap\" data-name=\"your-name\"><input size=\"40\" maxlength=\"400\" class=\"wpcf7-form-control wpcf7-text wpcf7-validates-as-required\" aria-required=\"true\" aria-invalid=\"false\" value=\"\" type=\"text\" name=\"your-name\" \/><\/span> <\/label>\n<\/p>\n<p><label> Ihre E-Mail (erforderlich)<br \/>\n<span class=\"wpcf7-form-control-wrap\" data-name=\"your-email\"><input size=\"40\" maxlength=\"400\" class=\"wpcf7-form-control wpcf7-email wpcf7-validates-as-required wpcf7-text wpcf7-validates-as-email\" aria-required=\"true\" aria-invalid=\"false\" value=\"\" type=\"email\" name=\"your-email\" \/><\/span> <\/label>\n<\/p>\n<p><label> Betreff<br \/>\n<span class=\"wpcf7-form-control-wrap\" data-name=\"your-subject\"><input size=\"40\" maxlength=\"400\" class=\"wpcf7-form-control wpcf7-text\" aria-invalid=\"false\" value=\"\" type=\"text\" name=\"your-subject\" \/><\/span> <\/label>\n<\/p>\n<p><label> Deine Nachricht<br \/>\n<span class=\"wpcf7-form-control-wrap\" data-name=\"your-message\"><textarea cols=\"40\" rows=\"10\" maxlength=\"2000\" class=\"wpcf7-form-control wpcf7-textarea\" aria-invalid=\"false\" name=\"your-message\"><\/textarea><\/span> <\/label>\n<\/p>\n<p><span class=\"wpcf7-form-control-wrap wpgdprc\"><span class=\"wpcf7-form-control wpcf7-wpgdprc wpcf7-validates-as-required\"><span class=\"wpcf7-list-item\"><input type=\"checkbox\" name=\"wpgdprc\" value=\"1\" aria-required=\"true\" aria-invalid=\"false\" \/><span class=\"wpcf7-list-item-label\">Mit diesem Formular greifen Sie auf die Speicherung und Verwaltung Ihrer Daten durch diese Website zu.<\/span><\/span><\/span>    <\/span>\n<\/p>\n<p><input class=\"wpcf7-form-control wpcf7-submit has-spinner\" type=\"submit\" value=\"Senden\" \/>\n<\/p><div class=\"wpcf7-response-output\" aria-hidden=\"true\"><\/div>\n<input type=\"hidden\" name=\"trp-form-language\" value=\"de\"\/><\/form>\n<\/div>\n<\/div><\/div><\/div><\/div><\/div><\/div><\/div><div class=\"noo-container-fluid\"><div class=\"vc_row wpb_row vc_row-fluid vc_custom_1450161933481\"><div class=\"wpb_column vc_column_container vc_col-sm-12\"><div class=\"vc_column-inner\"><div class=\"wpb_wrapper\">\n\t<div class=\"wpb_text_column wpb_content_element\" >\n\t\t<div class=\"wpb_wrapper\">\n\t\t\t        <div class=\"google-map\">\n                            <iframe loading=\"lazy\" width=\"100%\" height=\"440\" frameborder=\"0\" scrolling=\"no\" marginheight=\"0\"\n                        marginwidth=\"0\"\n                        src=\"https:\/\/maps.google.com\/maps?q=39.450364,-0.425546&hl=es;z=14&amp;output=embed\"><\/iframe>\n                        <div class=\"noo-address-info-wrap\">\n                <div class=\"noo-container\">\n                    <div class=\"address-info\">\n                        <h3>Kontaktinformationen<\/h3>\n                        <p><\/p>\n                        <ul>\n                                                            <li><i class=\"fa fa-map-marker\"><\/i><span>Camino molino de la campaneta,14. 46014 Valencia<\/span><\/li>\n                                                                                        <li><i class=\"fa fa-envelope\"> <\/i><span>info@sunfruitsvalencia.com<\/span><\/li>\n                                                                                        <li><i class=\"fa fa-phone\"> <\/i><span>(+34) 607 39 08 57<\/span><\/li>\n                                                                                        <li><i class=\"fa fa-globe\"> <\/i><span><a\n                                            href=\"http:\/\/www.funfruitsvalencia.com\">http:\/\/www.funfruitsvalencia.com<\/a><\/span>\n                                <\/li>\n                                                    <\/ul>\n                    <\/div>\n                <\/div>\n            <\/div>\n        <\/div> <!-- \/.google-map -->\n\n        \n\n\t\t<\/div>\n\t<\/div>\n<\/div><\/div><\/div><\/div><\/div>","protected":false},"excerpt":{"rendered":"Tu nombre (requerido) Tu correo electr\u00f3nico (requerido) Asunto Tu mensaje Al usar este formulario accedes al almacenamiento y gesti\u00f3n de tus datos por parte de esta web. Informaci\u00f3n de contacto Camino molino de la campaneta,14. 46014 Valencia info@sunfruitsvalencia.com (+34) 607 39 08 57 http:\/\/www.funfruitsvalencia.com","protected":false},"author":1,"featured_media":0,"parent":0,"menu_order":0,"comment_status":"closed","ping_status":"closed","template":"page-full-width.php","meta":{"footnotes":""},"class_list":["post-811","page","type-page","status-publish","hentry","no-featured"],"_links":{"self":[{"href":"https:\/\/sunfruitsvalencia.com\/de\/wp-json\/wp\/v2\/pages\/811","targetHints":{"allow":["GET"]}}],"collection":[{"href":"https:\/\/sunfruitsvalencia.com\/de\/wp-json\/wp\/v2\/pages"}],"about":[{"href":"https:\/\/sunfruitsvalencia.com\/de\/wp-json\/wp\/v2\/types\/page"}],"author":[{"embeddable":true,"href":"https:\/\/sunfruitsvalencia.com\/de\/wp-json\/wp\/v2\/users\/1"}],"replies":[{"embeddable":true,"href":"https:\/\/sunfruitsvalencia.com\/de\/wp-json\/wp\/v2\/comments?post=811"}],"version-history":[{"count":8,"href":"https:\/\/sunfruitsvalencia.com\/de\/wp-json\/wp\/v2\/pages\/811\/revisions"}],"predecessor-version":[{"id":1955,"href":"https:\/\/sunfruitsvalencia.com\/de\/wp-json\/wp\/v2\/pages\/811\/revisions\/1955"}],"wp:attachment":[{"href":"https:\/\/sunfruitsvalencia.com\/de\/wp-json\/wp\/v2\/media?parent=811"}],"curies":[{"name":"wp","href":"https:\/\/api.w.org\/{rel}","templated":true}]}}