{"id":744,"date":"2015-12-14T01:58:37","date_gmt":"2015-12-14T01:58:37","guid":{"rendered":"http:\/\/wp.nootheme.com\/organici\/dummy\/?page_id=744"},"modified":"2019-11-05T16:15:09","modified_gmt":"2019-11-05T15:15:09","slug":"nuestra-historia","status":"publish","type":"page","link":"https:\/\/sunfruitsvalencia.com\/de\/nuestra-historia\/","title":{"rendered":"Unsere Geschichte"},"content":{"rendered":"<div class=\"noo-container-fluid\"><div class=\"vc_row wpb_row vc_row-fluid vc_custom_1450059648353\"><div class=\"noo-container\"><div class=\"noo-row\"><div class=\"wpb_column vc_column_container vc_col-sm-12\"><div class=\"vc_column-inner\"><div class=\"wpb_wrapper\">                <div class=\"noo-row noo-our_story\">\n                    <div class=\"noo-md-6 noo-sm-6\">\n                        <h2>Geschichte der Tradition und Anstrengung<\/h2>\n                        <div class=\"our_story_content\">\n                            <p>Zu Beginn des zwanzigsten Jahrhunderts, im Jahr 1902, wurde auf den Fundamenten einer alten und traditionellen Kaserne, einer typisch valencianischen Wohnung, ein Bauernhaus gebaut. Dies war daf\u00fcr verantwortlich, der Familie, die sie bewachte und deren Nachname Gil ist, Schutz zu gew\u00e4hren<\/p>\n<p>Seit ihrer Gr\u00fcndung hat diese Familie aus dem Land der Orangenbl\u00fcten, der Leidenschaft und des Schie\u00dfpulvers auf ehrliche und bescheidene Weise neben anderen Zitrusfr\u00fcchten, Obstb\u00e4umen und Gem\u00fcse auch den m\u00fchsamen Anbau von Orangen entwickelt.<\/p>\n<p>Das Haus steht zwischen Hunderten von Hektar f\u00fcr die l\u00e4ndliche Arbeit, nur wenige Kilometer vom Fluss Turia entfernt, der in das weite und ruhige Mittelmeer m\u00fcndet. Dies wiederum erm\u00f6glicht ein Bew\u00e4sserungssystem, das so effektiv und nachhaltig ist wie das der Gr\u00e4ben, das von der \u00e4ltesten funktionierenden Justizbeh\u00f6rde in Europa, dem Wassergericht von Valencia, als immaterielles Erbe der Menschheit, erlassen wurde .<\/p>\n                        <\/div>\n                                                                    <\/div>\n                    <div class=\"noo-md-6 noo-sm-6\">\n                        <ul id=\"elasticstack-69e168a17d7d6\" class=\"elasticstack\">\n                            <li><div class=\"image-elastickstack\" style=\"background-image: url(https:\/\/sunfruitsvalencia.com\/wp-content\/uploads\/2019\/09\/IMG-20190823-WA0002-1.jpg)\"><\/div><\/li>                        <\/ul>\n\n                    <\/div>\n                <\/div>\n            <script>\n                jQuery(document).ready(function(){\n                    new ElastiStack( document.getElementById( 'elasticstack-69e168a17d7d6' ) );\n                })\n            <\/script>\n            <\/div><\/div><\/div><\/div><\/div><\/div><\/div><div class=\"noo-container-fluid\"><div class=\"vc_row wpb_row vc_row-fluid vc_custom_1450067977699\"><div class=\"noo-container\"><div class=\"noo-row\"><div class=\"noo_image_center wpb_column vc_column_container vc_col-sm-12\"><div class=\"vc_column-inner\"><div class=\"wpb_wrapper\">                <div class=\"noo-row noo-our_story\">\n                    <div class=\"noo-md-6 noo-sm-6\">\n                        <h2>Familientradition<\/h2>\n                        <div class=\"our_story_content\">\n                            <p>Derzeit wird das Bauernhaus, das unter den Nachbarn und Landsleuten der Region als \"Alqueria Clavell\" bekannt ist, in der f\u00fcnften Generation des Stammbaums mit dem Nachnamen Gil gef\u00fchrt, im Falle von zwei Br\u00fcdern, Jos\u00e9 Javier und Juan Manuel, die das erste Mitglied waren des Wassergerichts bei zahlreichen Gelegenheiten.<\/p>\n<p>Schlie\u00dflich wird prognostiziert, dass k\u00fcnftige Generationen des Nachnamens dem Erbe, das ihnen gew\u00e4hrt wurde, Kontinuit\u00e4t verleihen und sich so in den Dienst von Valencia, seiner Bev\u00f6lkerung, seinen Traditionen, seiner Familie und nat\u00fcrlich all diesen stellen Sie m\u00f6chten die au\u00dfergew\u00f6hnliche Welt des Orangenanbaus probieren und entdecken.<\/p>\n<p>Heute und in Zusammenarbeit mit unserem guten Freund Axel Ollk k\u00f6nnen wir die in Valencia angebauten exquisiten Orangen und Mandarinen aus erster Hand auf den Tisch eines jeden Europ\u00e4ers bringen.<\/p>\n                        <\/div>\n                                                                    <\/div>\n                    <div class=\"noo-md-6 noo-sm-6\">\n                        <ul id=\"elasticstack-69e168a17e05d\" class=\"elasticstack\">\n                            <li><div class=\"image-elastickstack\" style=\"background-image: url(https:\/\/sunfruitsvalencia.com\/wp-content\/uploads\/2019\/09\/69993734_2543361175721763_1804026593786462208_n.jpg)\"><\/div><\/li>                        <\/ul>\n\n                    <\/div>\n                <\/div>\n            <script>\n                jQuery(document).ready(function(){\n                    new ElastiStack( document.getElementById( 'elasticstack-69e168a17e05d' ) );\n                })\n            <\/script>\n            <\/div><\/div><\/div><\/div><\/div><\/div><\/div><div class=\"noo-container-fluid\"><div class=\"vc_row wpb_row vc_row-fluid vc_custom_1569065570697\"><div class=\"wpb_column vc_column_container vc_col-sm-12\"><div class=\"vc_column-inner\"><div class=\"wpb_wrapper\">\n\t<div  class=\"wpb_single_image wpb_content_element vc_align_center\">\n\t\t\n\t\t<figure class=\"wpb_wrapper vc_figure\">\n\t\t\t<div class=\"vc_single_image-wrapper   vc_box_border_grey\"><img loading=\"lazy\" decoding=\"async\" class=\"vc_single_image-img\" src=\"https:\/\/sunfruitsvalencia.com\/wp-content\/uploads\/2019\/09\/IMG-20190823-WA0002-1-1000x700.jpg\" width=\"1000\" height=\"700\" alt=\"IMG-20190823-WA0002\" title=\"IMG-20190823-WA0002\" \/><\/div>\n\t\t<\/figure>\n\t<\/div>\n\n\t<div class=\"wpb_text_column wpb_content_element  vc_custom_1569065990917\" >\n\t\t<div class=\"wpb_wrapper\">\n\t\t\t<p>Von links nach rechts: El torrater, el net de la cantales, Don Mill\u00e1n, Don Miquel, el brut, el cabut, el negre y el picanyero. \nLabradors in der N\u00e4he der Alqueria versammeln sich, um ein Kartenspiel zu machen.<\/p>\n\n\t\t<\/div>\n\t<\/div>\n<\/div><\/div><\/div><\/div><\/div><div class=\"noo-container-fluid\"><div class=\"vc_row wpb_row vc_row-fluid vc_custom_1450077417017\"><div class=\"wpb_column vc_column_container vc_col-sm-12\"><div class=\"vc_column-inner\"><div class=\"wpb_wrapper\">\n\t<div class=\"wpb_raw_code wpb_content_element wpb_raw_html\" >\n\t\t<div class=\"wpb_wrapper\">\n\t\t\t<div class=\"noo-footer-shop-now\">\n                    <div class=\"noo-container\">\n                        <h4>A\u00f1os de historia con un objetivo,<br><strong>fruta de calidad<\/strong> y de coraz\u00f3n<\/h4>\n                        <p><br\/><\/p>\n                        <a class=\"noo-show-now\" href=\"http:\/\/sunfruitsvalencia.com\/de\/tienda\/\"><em>Gehe in den Laden<\/em><\/a>\n                    <\/div>\n                <\/div>\n\t\t<\/div>\n\t<\/div>\n<\/div><\/div><\/div><\/div><\/div>","protected":false},"excerpt":{"rendered":"Historia de tradici\u00f3n y esfuerzo En los albores del siglo XX, corr\u00eda el a\u00f1o 1902 cuando, sobre los cimientos de una antigua y tradicional barraca, vivienda t\u00edpica valenciana, se erig\u00eda una alquer\u00eda. Esta se encargaba de dar cobijo a la familia que la custodiaba cuyo apellido es Gil. Desde su origen, esta familia, afincada en la tierra del azahar, la...<div><a href=\"https:\/\/sunfruitsvalencia.com\/de\/nuestra-historia\/\" class=\"view-more\"><span>View more<\/span><\/a><\/div>","protected":false},"author":1,"featured_media":0,"parent":0,"menu_order":0,"comment_status":"closed","ping_status":"closed","template":"page-full-width.php","meta":{"footnotes":""},"class_list":["post-744","page","type-page","status-publish","hentry","no-featured"],"_links":{"self":[{"href":"https:\/\/sunfruitsvalencia.com\/de\/wp-json\/wp\/v2\/pages\/744","targetHints":{"allow":["GET"]}}],"collection":[{"href":"https:\/\/sunfruitsvalencia.com\/de\/wp-json\/wp\/v2\/pages"}],"about":[{"href":"https:\/\/sunfruitsvalencia.com\/de\/wp-json\/wp\/v2\/types\/page"}],"author":[{"embeddable":true,"href":"https:\/\/sunfruitsvalencia.com\/de\/wp-json\/wp\/v2\/users\/1"}],"replies":[{"embeddable":true,"href":"https:\/\/sunfruitsvalencia.com\/de\/wp-json\/wp\/v2\/comments?post=744"}],"version-history":[{"count":21,"href":"https:\/\/sunfruitsvalencia.com\/de\/wp-json\/wp\/v2\/pages\/744\/revisions"}],"predecessor-version":[{"id":1279,"href":"https:\/\/sunfruitsvalencia.com\/de\/wp-json\/wp\/v2\/pages\/744\/revisions\/1279"}],"wp:attachment":[{"href":"https:\/\/sunfruitsvalencia.com\/de\/wp-json\/wp\/v2\/media?parent=744"}],"curies":[{"name":"wp","href":"https:\/\/api.w.org\/{rel}","templated":true}]}}