{"id":3,"date":"2019-09-18T23:52:55","date_gmt":"2019-09-18T21:52:55","guid":{"rendered":"http:\/\/sunfruitsvalencia.com\/?page_id=3"},"modified":"2019-11-13T18:28:49","modified_gmt":"2019-11-13T17:28:49","slug":"politica-privacidad","status":"publish","type":"page","link":"https:\/\/sunfruitsvalencia.com\/de\/politica-privacidad\/","title":{"rendered":"Datenschutzerkl\u00e4rung"},"content":{"rendered":"<h2>Wer wir sind<\/h2>\n<p>Handelsname: SUNFRUITSVALENCIA<\/p>\n<p>Firmenname: (Einzelpersonen)<\/p>\n<p>Name des Inhabers: JOSE JAVIER GIL PLANELLS \/ JUAN MANUEL GIL PLANELLS<\/p>\n<p>Sitz der Gesellschaft: CAMINO MOLINO DE LA CAMPANETA, 14<\/p>\n<p>Bev\u00f6lkerung: 46014 VALENCIA<\/p>\n<p>SPANIEN<\/p>\n<p>C.I.F.\/D.N.I.: 25376995Z \/ 52679616W<\/p>\n<p>Telefon: 607 39 08 57<\/p>\n<p>La direcci\u00f3n de nuestra web es: http:\/\/sunfruitsvalencia.com.<\/p>\n<h2>Welche personenbezogenen Daten erheben wir und warum erheben wir sie?<\/h2>\n<h3>Kommentare<\/h3>\n<p>Wenn Besucher Kommentare im Web hinterlassen, erfassen wir die im Kommentarformular angezeigten Daten sowie die IP-Adresse des Besuchers und die Benutzeragentenkette des Browsers, um Spam zu erkennen.<\/p>\n<p>Eine anonyme Zeichenfolge, die aus Ihrer E-Mail-Adresse erstellt wurde (auch als Hash bezeichnet), kann dem Gravatar-Dienst zur Verf\u00fcgung gestellt werden, um festzustellen, ob Sie sie verwenden. Die Datenschutzrichtlinie f\u00fcr den Gravatar-Service finden Sie hier: https:\/\/automattic.com\/privacy\/. Nach der Genehmigung Ihres Kommentars ist das Bild Ihres Profils im Kontext Ihres Kommentars f\u00fcr die \u00d6ffentlichkeit sichtbar.<\/p>\n<h3>Medien<\/h3>\n<p>Wenn Sie Bilder in das Internet hochladen, sollten Sie das Hochladen von Bildern mit eingeschlossenen Standortdaten (GPS EXIF) vermeiden. Webbesucher k\u00f6nnen beliebige Standortdaten aus den Webbildern herunterladen und extrahieren.<\/p>\n<h3>Kontaktformulare<\/h3>\n<h3>Cookies<\/h3>\n<p>Wenn Sie einen Kommentar auf unserer Website hinterlassen, k\u00f6nnen Sie Ihren Namen, Ihre E-Mail-Adresse und Ihre Website in Cookies speichern. Dies dient Ihrer Bequemlichkeit, sodass Sie Ihre Daten nicht erneut eingeben m\u00fcssen, wenn Sie einen weiteren Kommentar hinterlassen. Diese Cookies sind ein Jahr g\u00fcltig.<\/p>\n<p>Wenn Sie ein Konto haben und eine Verbindung zu dieser Website herstellen, installieren wir ein tempor\u00e4res Cookie, um festzustellen, ob Ihr Browser Cookies akzeptiert. Dieser Cookie enth\u00e4lt keine personenbezogenen Daten und wird beim Schlie\u00dfen des Browsers gel\u00f6scht.<\/p>\n<p>Cuando inicias sesi\u00f3n, tambi\u00e9n instalaremos varias cookies para guardar tu informaci\u00f3n de inicio de sesi\u00f3n y tus opciones de visualizaci\u00f3n de pantalla. Las cookies de inicio de sesi\u00f3n duran dos d\u00edas, y las cookies de opciones de pantalla duran un a\u00f1o. Si seleccionas &#8220;Recordarme&#8221;, tu inicio de sesi\u00f3n perdurar\u00e1 durante dos semanas. Si sales de tu cuenta, las cookies de inicio de sesi\u00f3n se eliminar\u00e1n.<\/p>\n<p>Wenn Sie einen Artikel bearbeiten oder ver\u00f6ffentlichen, wird ein zus\u00e4tzliches Cookie in Ihrem Browser gespeichert. Dieses Cookie enth\u00e4lt keine pers\u00f6nlichen Daten und gibt lediglich die ID des gerade bearbeiteten Artikels an. Es l\u00e4uft nach 1 Tag ab.<\/p>\n<h3>Eingebettete Inhalte von anderen Websites<\/h3>\n<p>Artikel auf dieser Website k\u00f6nnen eingebetteten Inhalt enthalten (z. B. Videos, Bilder, Artikel usw.). Der eingebettete Inhalt anderer Websites verh\u00e4lt sich genauso, als h\u00e4tte der Besucher die andere Website besucht.<\/p>\n<p>Diese Websites k\u00f6nnen Daten \u00fcber Sie sammeln, Cookies verwenden, zus\u00e4tzliches Tracking von Drittanbietern einbetten und Ihre Interaktion mit diesem eingebetteten Inhalt \u00fcberwachen, einschlie\u00dflich der Verfolgung Ihrer Interaktion mit dem eingebetteten Inhalt, wenn Sie \u00fcber ein Konto verf\u00fcgen und mit dieser Website verbunden sind.<\/p>\n<h3>Analytische<\/h3>\n<h2>Mit wem teilen wir Ihre Daten<\/h2>\n<h2>Wie lange werden Ihre Daten gespeichert?<\/h2>\n<p>Wenn Sie einen Kommentar hinterlassen, bleiben der Kommentar und seine Metadaten auf unbestimmte Zeit erhalten. Auf diese Weise k\u00f6nnen wir aufeinanderfolgende Kommentare automatisch erkennen und genehmigen, anstatt sie in einer Moderationswarteschlange zu halten.<\/p>\n<p>Von den Benutzern, die sich auf unserer Website registrieren (sofern vorhanden), speichern wir auch die von ihnen angegebenen pers\u00f6nlichen Informationen in ihrem Benutzerprofil. Alle Benutzer k\u00f6nnen ihre pers\u00f6nlichen Informationen jederzeit anzeigen, bearbeiten oder l\u00f6schen (au\u00dfer sie k\u00f6nnen ihren Benutzernamen nicht \u00e4ndern). Webadministratoren k\u00f6nnen diese Informationen auch anzeigen und bearbeiten.<\/p>\n<h2>Welche Rechte haben Sie an Ihren Daten?<\/h2>\n<p>Wenn Sie \u00fcber ein Konto verf\u00fcgen oder Kommentare zu dieser Website hinterlassen haben, k\u00f6nnen Sie eine Exportdatei der von uns \u00fcber Sie gespeicherten personenbezogenen Daten einschlie\u00dflich der von Ihnen angegebenen Informationen anfordern. Sie k\u00f6nnen auch verlangen, dass wir alle personenbezogenen Daten l\u00f6schen, die wir \u00fcber Sie haben. Dies schlie\u00dft keine Daten ein, die wir f\u00fcr administrative, rechtliche oder Sicherheitszwecke aufbewahren m\u00fcssen.<\/p>\n<h2>D\u00f3nde enviamos tus datos\nWohin wir Ihre Daten senden<\/h2>\n<p>Besucherkommentare k\u00f6nnen von einem automatischen Spam-Erkennungsdienst \u00fcberpr\u00fcft werden.<\/p>\n<h2>Ihre Kontaktinformationen<\/h2>\n<ul>\n<li>Camino molino de la campaneta,14. 46014 Valencia<\/li>\n<li><i class=\"fa fa-envelope\"><\/i>info@sunfruitsvalencia.com<\/li>\n<li><i class=\"fa fa-phone\"><\/i>(+34) 607 39 08 57<\/li>\n<li><i class=\"fa fa-globe\"><\/i><a href=\"http:\/\/www.funfruitsvalencia.com\/\">http:\/\/www.funfruitsvalencia.com<\/a><\/li>\n<\/ul>\n<h2><\/h2>","protected":false},"excerpt":{"rendered":"<p>Qui\u00e9nes somos Nombre Comercial: SUNFRUITSVALENCIA Raz\u00f3n Social: ( Personas Fisicas ) Nombre del Titular: JOSE JAVIER GIL PLANELLS \/ JUAN MANUEL GIL PLANELLS Domicilio Social: CAMINO MOLINO DE LA CAMPANETA, 14 Poblaci\u00f3n: 46014 VALENCIA ESPA\u00d1A C.I.F.\/D.N.I.: 25376995Z \/ 52679616W Tel\u00e9fono: 607 39 08 57 La direcci\u00f3n de nuestra web es: http:\/\/sunfruitsvalencia.com. Qu\u00e9 datos personales recogemos y por qu\u00e9 los recogemos&#8230;<\/p>\n<div><a href=\"https:\/\/sunfruitsvalencia.com\/de\/politica-privacidad\/\" class=\"view-more\"><span>View more<\/span><\/a><\/div>","protected":false},"author":1,"featured_media":0,"parent":0,"menu_order":0,"comment_status":"closed","ping_status":"open","template":"","meta":{"footnotes":""},"class_list":["post-3","page","type-page","status-publish","hentry","no-featured"],"_links":{"self":[{"href":"https:\/\/sunfruitsvalencia.com\/de\/wp-json\/wp\/v2\/pages\/3","targetHints":{"allow":["GET"]}}],"collection":[{"href":"https:\/\/sunfruitsvalencia.com\/de\/wp-json\/wp\/v2\/pages"}],"about":[{"href":"https:\/\/sunfruitsvalencia.com\/de\/wp-json\/wp\/v2\/types\/page"}],"author":[{"embeddable":true,"href":"https:\/\/sunfruitsvalencia.com\/de\/wp-json\/wp\/v2\/users\/1"}],"replies":[{"embeddable":true,"href":"https:\/\/sunfruitsvalencia.com\/de\/wp-json\/wp\/v2\/comments?post=3"}],"version-history":[{"count":4,"href":"https:\/\/sunfruitsvalencia.com\/de\/wp-json\/wp\/v2\/pages\/3\/revisions"}],"predecessor-version":[{"id":2161,"href":"https:\/\/sunfruitsvalencia.com\/de\/wp-json\/wp\/v2\/pages\/3\/revisions\/2161"}],"wp:attachment":[{"href":"https:\/\/sunfruitsvalencia.com\/de\/wp-json\/wp\/v2\/media?parent=3"}],"curies":[{"name":"wp","href":"https:\/\/api.w.org\/{rel}","templated":true}]}}