{"id":1373,"date":"2019-09-23T22:32:51","date_gmt":"2019-09-23T20:32:51","guid":{"rendered":"https:\/\/sunfruitsvalencia.com\/?page_id=1373"},"modified":"2019-11-16T17:30:19","modified_gmt":"2019-11-16T16:30:19","slug":"politica-de-venta-y-envios","status":"publish","type":"page","link":"https:\/\/sunfruitsvalencia.com\/de\/politica-de-venta-y-envios\/","title":{"rendered":"Verkaufs-, Versand- und R\u00fcckgaberecht"},"content":{"rendered":"<h2><strong>TRANSPORT<\/strong><\/h2>\n<p><strong><em>INFORMATIONEN ZUM VERSAND:<\/em><\/strong><\/p>\n<p>Damit die Zitrusfr\u00fcchte, die Sie f\u00fcr Ihre Bestellung ausgew\u00e4hlt haben, in perfekter Qualit\u00e4t und Frische direkt vom Feld ankommen:<br \/>\n&#8211;\u00a0<strong>An regnerischen Tagen k\u00f6nnen wir die Fr\u00fcchte nicht pfl\u00fccken<\/strong>. In diesem Fall werden wir Sie informieren und die Bestellungen verz\u00f6gern, bis das Wetter es zul\u00e4sst. Wir beraten Sie immer, an welchem \u200b\u200bTag Sie die Bestellung am besten erhalten.<\/p>\n<p>- Wir nehmen die Bestellungen von Montag bis Freitag zur Kenntnis. Die Bestellungen, die wir donnerstags nachmittags, freitags und am Wochenende entweder \u00fcber das Internet oder telefonisch (+34) 607 39 08 57 erhalten, werden am folgenden Dienstag versandt, um die Fr\u00fcchte am Montag abzuholen und ihre Frische zu garantieren .<\/p>\n<p>Der Kunde von <strong>Sun Fruits VAlencia<\/strong>, versteht und akzeptiert, dass der Transportservice f\u00fcr unser Unternehmen v\u00f6llig fremd ist, weshalb Sun Fruits Valencia sowohl direkt als auch als Tochterunternehmen von jeglicher Verantwortung f\u00fcr die Sch\u00e4den befreit ist, die dieser Service verursachen kann. Der Kunde kann und soll seine Bestellung bei uns abholen. Wenn Sie uns diesbez\u00fcglich keine Angaben machen, erm\u00e4chtigen Sie uns ausdr\u00fccklich, den Auftrag zu formalisieren, in Ihrem Namen zu handeln und die Waren mit den von uns als angemessen erachteten Mitteln zu versenden. In diesem Fall wird ein kommerzieller Rabatt zugunsten des Kunden in H\u00f6he des Betrags dieser Dienstleistung gew\u00e4hrt.<\/p>\n<p>F\u00fcr den Fall, dass Sie sich entschieden haben, weil wir die Sendung in Ihrem Namen verwalten:<\/p>\n<p>- Informieren Sie, dass eine Zustellung an Postf\u00e4cher nicht m\u00f6glich ist.<\/p>\n<p>- Die Angaben zur Lieferung der Bestellung (Lieferscheine) sind indikativ. Wir teilen sie dem Lieferunternehmen mit, aber oft ist es nicht m\u00f6glich, diese Bedingungen zu erf\u00fcllen (telefonisch im Voraus, Lieferung zu einem bestimmten Zeitpunkt usw.). Daher k\u00f6nnen wir nicht garantieren, dass bestimmte Lieferpl\u00e4ne eingehalten werden k\u00f6nnen.<\/p>\n<p>- Lieferungen in Spanien erfolgen per Landtransport mit einer Zustellung innerhalb von 24\/48 Stunden ab der Zustellung an das Paketunternehmen. Die Lieferzeiten sind Dienstag bis Freitag von 9:00 bis 20:00 Uhr.<\/p>\n<p>- Lieferungen nach Deutschland erfolgen auf dem Landweg. Die Lieferung an den K\u00e4ufer, da wir sie an den H\u00e4ndler liefern, betr\u00e4gt ca. 72 Stunden.<\/p>\n<p><em><strong>Um die Zustellung zu vereinfachen und Zwischenf\u00e4lle zu vermeiden, empfehlen wir:<\/strong><\/em><\/p>\n<p>- Geben Sie einen m\u00f6glichst breiten Liefertermin an. Zum Beispiel vormittags oder nachmittags.<\/p>\n<p>- Dass an der angegebenen Adresse immer jemand erreichbar ist (Arbeit, Adresse, etc.).<\/p>\n<p>- Geben Sie eine alternative Lieferanschrift an die Hauptanschrift (Beruf, Familie usw.).<\/p>\n<p>- Wenn es jemanden gibt (Concierge, Nachbar, Familienmitglied, ...), der das Paket anstelle von Ihnen erhalten kann, geben Sie dies an.<\/p>\n<p>- Stellen Sie ein Telefon bereit, das erreichbar ist, wenn m\u00f6glich mobil.<\/p>\n<p>- Wenn Ihre Adresse besondere Angaben enth\u00e4lt, notieren Sie diese (neue Stra\u00dfe, niedrige Stra\u00dfe usw.)<\/p>\n<p>- Geben Sie alle m\u00f6glichen Details an (Boden, T\u00fcr, Treppe usw.).<\/p>\n<div class=\"rte\">\n<h2><strong>R\u00dcCKGABE VON BESTELLUNGEN UND BEDINGUNGEN<\/strong><\/h2>\n<p>Alle verkauften Produkte k\u00f6nnen ab dem Datum der Lieferung gem\u00e4\u00df den Bestimmungen des spanischen Einzelhandelsgesetzes 7 Tage lang zur\u00fcckgegeben werden.<\/p>\n<p>Zuvor muss das Mitglied seine Absicht per E-Mail mitteilen. SUNFRUITS VALENCIA antwortet \u00fcber eine weitere E-Mail mit den genauen Anweisungen f\u00fcr die R\u00fccksendung des Produkts.<\/p>\n<p>Die R\u00fccksendekosten tr\u00e4gt der Benutzer und SUNFRUITSVALENCIA erstattet den Betrag, wenn das Produkt die Verkaufsbedingungen nicht erf\u00fcllt.<\/p>\n<p>Die R\u00fccksendung kann in keinem Fall erfolgen, wenn die Ware in einem Anteil von mehr als einem Zehntel der Bestellung verbraucht wurde.<\/p>\n<p>Produkte m\u00fcssen ordnungsgem\u00e4\u00df gesch\u00fctzt zur\u00fcckgesandt werden. Sie werden an den von SUNFRUITSVALENCIA in den genauen Anweisungen f\u00fcr die R\u00fccksendung des Produkts per E-Mail angegebenen Ort gesendet.<\/p>\n<p>Die R\u00fcckerstattung auf dem Konto des Kunden als Ergebnis dieser R\u00fccksendung erfolgt innerhalb von 7 Tagen ab Erhalt der Ware bei SUNFRUITSVALENCIA<\/p>\n<p>F\u00fcr den Fall, dass die R\u00fccksendung von SUNFRUITSVALENCIA nicht angenommen wurde, um zu verstehen, dass das Produkt, dessen R\u00fccksendung beabsichtigt ist, verbraucht oder misshandelt worden ist, verbleiben diese Produkte im Lager des Transportunternehmens, um vom Benutzer abgeholt zu werden drei\u00dfig Tage nach seiner R\u00fcckkehr.<\/p>\n<p>Die Pakete, die keinen angeh\u00e4ngten Artikel enthalten, der den Absender identifiziert (Bestellnummer, Name, Adresse, ...), k\u00f6nnen nicht zur\u00fcckgesandt werden.<\/p>\n<p>Die mit der R\u00fccksendung des Produkts verbundenen Kosten und Risiken tr\u00e4gt der Absender, der sie sicher und mit den erforderlichen Garantien einsenden muss, damit die zur\u00fcckgesandte Ware in einwandfreiem Zustand eintrifft.<\/p>\n<p>Die R\u00fccksendung der Produkte f\u00fchrt zu einer R\u00fcckerstattung in H\u00f6he des Kaufpreises der zur\u00fcckgesandten Produkte. In der R\u00fcckerstattung sind eventuelle Versandkosten nicht enthalten.<\/p>\n<p>Jede Person, die Ihr Produkt zur\u00fccksendet, erh\u00e4lt eine E-Mail, die Sie \u00fcber den Betrag und die Bedingungen Ihrer R\u00fcckerstattung informiert.<\/p>\n<\/div>\n<h2><strong>PREISE UND \u00c4NDERUNGEN<\/strong>:<\/h2>\n<p>- Die Preise der Produkte k\u00f6nnen w\u00e4hrend der Kampagne und in nachfolgenden Kampagnen ge\u00e4ndert werden<\/p>\n<p>- Der f\u00fcr jedes Produkt angegebene Preis beinhaltet Steuern und den Rabatt auf die Kosten des Versandservices, falls Sie sich daf\u00fcr entschieden haben, diesen f\u00fcr Sie zu verwalten.<\/p>\n<h2><strong>L\u00d6SUNG VON KONFLIKTEN UND ANSPR\u00dcCHEN<\/strong>:<\/h2>\n<p>Vertragsaufl\u00f6sung: Sunfruits Valencia ist vom Widerrufsrecht gem\u00e4\u00df Artikel 45, Abschnitt b) des Gesetzes 47\/2002 vom 19. Dezember \u00fcber die Verwaltung des Einzelhandels befreit.<br \/>\nSunFruits VAlencia dr\u00fcckt seine \u00dcbermittlung an das ARBITRAL CONSUMPTION SYSTEM durch die Schiedsstelle f\u00fcr Verbraucher der Provinz Valencia aus.<br \/>\nSunFruits Valencia und der Kunde erkl\u00e4ren sich damit einverstanden, dass alle Streitigkeiten in Bezug auf die G\u00fcltigkeit, Ausf\u00fchrung, Einhaltung oder Beilegung von Bestimmungen ganz oder teilweise ausdr\u00fccklich der Zust\u00e4ndigkeit und Zust\u00e4ndigkeit der Gerichte von Valencia Capital unterliegen. Verzicht auf ihre jeweiligen Gerichtsbarkeiten und jede andere ihnen entsprechende Gerichtsbarkeit, mit Ausnahme der im vorherigen Absatz genannten.<br \/>\nGeldr\u00fcckerstattungen erfolgen \u00fcber die gleiche Zahlungsweise, f\u00fcr die die Bestellung aufgegeben wurde. Dar\u00fcber hinaus verursacht die R\u00fcckgabe des Betrags auf der Kreditkarte einen Aufwand von 10% des Bestellbetrags f\u00fcr Verwaltungsgeb\u00fchren und Provisionen.<\/p>","protected":false},"excerpt":{"rendered":"<p>TRANSPORTE INFORMACI\u00d3N SOBRE LOS ENV\u00cdOS: Con el fin de que el c\u00edtrico que haya seleccionado para su pedido llegue en perfectas condiciones de calidad y frescura directamente del campo: &#8211;\u00a0Los d\u00edas de lluvia no podemos recoger la fruta. Si esto sucede le informaremos y los pedidos se retrasar\u00e1n hasta que el clima lo permita, siempre consultando con usted qu\u00e9 d\u00eda&#8230;<\/p>\n<div><a href=\"https:\/\/sunfruitsvalencia.com\/de\/politica-de-venta-y-envios\/\" class=\"view-more\"><span>View more<\/span><\/a><\/div>","protected":false},"author":1,"featured_media":0,"parent":0,"menu_order":0,"comment_status":"closed","ping_status":"open","template":"","meta":{"footnotes":""},"class_list":["post-1373","page","type-page","status-publish","hentry","no-featured"],"_links":{"self":[{"href":"https:\/\/sunfruitsvalencia.com\/de\/wp-json\/wp\/v2\/pages\/1373","targetHints":{"allow":["GET"]}}],"collection":[{"href":"https:\/\/sunfruitsvalencia.com\/de\/wp-json\/wp\/v2\/pages"}],"about":[{"href":"https:\/\/sunfruitsvalencia.com\/de\/wp-json\/wp\/v2\/types\/page"}],"author":[{"embeddable":true,"href":"https:\/\/sunfruitsvalencia.com\/de\/wp-json\/wp\/v2\/users\/1"}],"replies":[{"embeddable":true,"href":"https:\/\/sunfruitsvalencia.com\/de\/wp-json\/wp\/v2\/comments?post=1373"}],"version-history":[{"count":6,"href":"https:\/\/sunfruitsvalencia.com\/de\/wp-json\/wp\/v2\/pages\/1373\/revisions"}],"predecessor-version":[{"id":2203,"href":"https:\/\/sunfruitsvalencia.com\/de\/wp-json\/wp\/v2\/pages\/1373\/revisions\/2203"}],"wp:attachment":[{"href":"https:\/\/sunfruitsvalencia.com\/de\/wp-json\/wp\/v2\/media?parent=1373"}],"curies":[{"name":"wp","href":"https:\/\/api.w.org\/{rel}","templated":true}]}}